{"id":179,"date":"2022-02-03T15:23:04","date_gmt":"2022-02-03T19:23:04","guid":{"rendered":"https:\/\/racingautomatic.com\/newsite\/?page_id=179"},"modified":"2022-02-03T15:24:35","modified_gmt":"2022-02-03T19:24:35","slug":"don-topo","status":"publish","type":"page","link":"https:\/\/racingautomatic.com\/newsite\/don-topo\/","title":{"rendered":"Don Topo"},"content":{"rendered":"<p>Aqu\u00ed estar\u00e1 la descripci\u00f3n de nuestro cliente Don Topo con su informaci\u00f3n y video.<\/p>\n\n\n<p>VIDEO<\/p>\n\n\n\n<figure class=\"wp-block-embed is-type-video is-provider-youtube wp-block-embed-youtube wp-embed-aspect-16-9 wp-has-aspect-ratio\"><div class=\"wp-block-embed__wrapper\">\n<iframe loading=\"lazy\" title=\"6seg v8 Twin Turbo | Don Topo Racing | Salinas Speedway | PalfiebruTV\" width=\"750\" height=\"422\" src=\"https:\/\/www.youtube.com\/embed\/O8Bb8q1JqX0?feature=oembed\" frameborder=\"0\" allow=\"accelerometer; autoplay; clipboard-write; encrypted-media; gyroscope; picture-in-picture\" allowfullscreen><\/iframe>\n<\/div><\/figure>\n","protected":false},"excerpt":{"rendered":"<p>Aqu\u00ed estar\u00e1 la descripci\u00f3n de nuestro cliente Don Topo con su informaci\u00f3n y video. VIDEO<\/p>\n","protected":false},"author":1,"featured_media":86,"parent":0,"menu_order":0,"comment_status":"closed","ping_status":"closed","template":"","meta":{"footnotes":""},"class_list":["post-179","page","type-page","status-publish","has-post-thumbnail","hentry"],"aioseo_notices":[],"_links":{"self":[{"href":"https:\/\/racingautomatic.com\/newsite\/wp-json\/wp\/v2\/pages\/179","targetHints":{"allow":["GET"]}}],"collection":[{"href":"https:\/\/racingautomatic.com\/newsite\/wp-json\/wp\/v2\/pages"}],"about":[{"href":"https:\/\/racingautomatic.com\/newsite\/wp-json\/wp\/v2\/types\/page"}],"author":[{"embeddable":true,"href":"https:\/\/racingautomatic.com\/newsite\/wp-json\/wp\/v2\/users\/1"}],"replies":[{"embeddable":true,"href":"https:\/\/racingautomatic.com\/newsite\/wp-json\/wp\/v2\/comments?post=179"}],"version-history":[{"count":3,"href":"https:\/\/racingautomatic.com\/newsite\/wp-json\/wp\/v2\/pages\/179\/revisions"}],"predecessor-version":[{"id":182,"href":"https:\/\/racingautomatic.com\/newsite\/wp-json\/wp\/v2\/pages\/179\/revisions\/182"}],"wp:featuredmedia":[{"embeddable":true,"href":"https:\/\/racingautomatic.com\/newsite\/wp-json\/wp\/v2\/media\/86"}],"wp:attachment":[{"href":"https:\/\/racingautomatic.com\/newsite\/wp-json\/wp\/v2\/media?parent=179"}],"curies":[{"name":"wp","href":"https:\/\/api.w.org\/{rel}","templated":true}]}}