{"id":184,"date":"2022-02-03T15:26:18","date_gmt":"2022-02-03T19:26:18","guid":{"rendered":"https:\/\/racingautomatic.com\/newsite\/?page_id=184"},"modified":"2022-02-05T11:58:53","modified_gmt":"2022-02-05T15:58:53","slug":"el-buda-racing","status":"publish","type":"page","link":"https:\/\/racingautomatic.com\/newsite\/el-buda-racing\/","title":{"rendered":"El Buda Racing"},"content":{"rendered":"\n<p>Aqu\u00ed estar\u00e1 la descripci\u00f3n del auto de nuestro cliente con su informaci\u00f3n y video.<\/p>\n\n\n\n<p><strong>VIDEO<\/strong><\/p>\n\n\n\n<figure class=\"wp-block-embed is-type-video is-provider-youtube wp-block-embed-youtube wp-embed-aspect-16-9 wp-has-aspect-ratio\"><div class=\"wp-block-embed__wrapper\">\n<iframe loading=\"lazy\" title=\"Buda Racing *NEW RECORD* 7.69@179mph Salinas Speedway on 1 April 2015\" width=\"750\" height=\"422\" src=\"https:\/\/www.youtube.com\/embed\/Pt2X4-497ZE?feature=oembed\" frameborder=\"0\" allow=\"accelerometer; autoplay; clipboard-write; encrypted-media; gyroscope; picture-in-picture\" allowfullscreen><\/iframe>\n<\/div><\/figure>\n","protected":false},"excerpt":{"rendered":"<p>VIDEO<\/p>\n","protected":false},"author":1,"featured_media":87,"parent":0,"menu_order":0,"comment_status":"closed","ping_status":"closed","template":"","meta":{"footnotes":""},"class_list":["post-184","page","type-page","status-publish","has-post-thumbnail","hentry"],"aioseo_notices":[],"_links":{"self":[{"href":"https:\/\/racingautomatic.com\/newsite\/wp-json\/wp\/v2\/pages\/184","targetHints":{"allow":["GET"]}}],"collection":[{"href":"https:\/\/racingautomatic.com\/newsite\/wp-json\/wp\/v2\/pages"}],"about":[{"href":"https:\/\/racingautomatic.com\/newsite\/wp-json\/wp\/v2\/types\/page"}],"author":[{"embeddable":true,"href":"https:\/\/racingautomatic.com\/newsite\/wp-json\/wp\/v2\/users\/1"}],"replies":[{"embeddable":true,"href":"https:\/\/racingautomatic.com\/newsite\/wp-json\/wp\/v2\/comments?post=184"}],"version-history":[{"count":4,"href":"https:\/\/racingautomatic.com\/newsite\/wp-json\/wp\/v2\/pages\/184\/revisions"}],"predecessor-version":[{"id":283,"href":"https:\/\/racingautomatic.com\/newsite\/wp-json\/wp\/v2\/pages\/184\/revisions\/283"}],"wp:featuredmedia":[{"embeddable":true,"href":"https:\/\/racingautomatic.com\/newsite\/wp-json\/wp\/v2\/media\/87"}],"wp:attachment":[{"href":"https:\/\/racingautomatic.com\/newsite\/wp-json\/wp\/v2\/media?parent=184"}],"curies":[{"name":"wp","href":"https:\/\/api.w.org\/{rel}","templated":true}]}}