{"id":188,"date":"2022-02-03T15:27:49","date_gmt":"2022-02-03T19:27:49","guid":{"rendered":"https:\/\/racingautomatic.com\/newsite\/?page_id=188"},"modified":"2022-02-03T19:45:45","modified_gmt":"2022-02-03T23:45:45","slug":"la-karoll","status":"publish","type":"page","link":"https:\/\/racingautomatic.com\/newsite\/la-karoll\/","title":{"rendered":"La Karoll"},"content":{"rendered":"\n<p>Aqu\u00ed estar\u00e1 la descripci\u00f3n del auto de nuestro cliente con su informaci\u00f3n y video.<\/p>\n","protected":false},"excerpt":{"rendered":"","protected":false},"author":1,"featured_media":89,"parent":0,"menu_order":0,"comment_status":"closed","ping_status":"closed","template":"","meta":{"footnotes":""},"class_list":["post-188","page","type-page","status-publish","has-post-thumbnail","hentry"],"aioseo_notices":[],"_links":{"self":[{"href":"https:\/\/racingautomatic.com\/newsite\/wp-json\/wp\/v2\/pages\/188","targetHints":{"allow":["GET"]}}],"collection":[{"href":"https:\/\/racingautomatic.com\/newsite\/wp-json\/wp\/v2\/pages"}],"about":[{"href":"https:\/\/racingautomatic.com\/newsite\/wp-json\/wp\/v2\/types\/page"}],"author":[{"embeddable":true,"href":"https:\/\/racingautomatic.com\/newsite\/wp-json\/wp\/v2\/users\/1"}],"replies":[{"embeddable":true,"href":"https:\/\/racingautomatic.com\/newsite\/wp-json\/wp\/v2\/comments?post=188"}],"version-history":[{"count":2,"href":"https:\/\/racingautomatic.com\/newsite\/wp-json\/wp\/v2\/pages\/188\/revisions"}],"predecessor-version":[{"id":231,"href":"https:\/\/racingautomatic.com\/newsite\/wp-json\/wp\/v2\/pages\/188\/revisions\/231"}],"wp:featuredmedia":[{"embeddable":true,"href":"https:\/\/racingautomatic.com\/newsite\/wp-json\/wp\/v2\/media\/89"}],"wp:attachment":[{"href":"https:\/\/racingautomatic.com\/newsite\/wp-json\/wp\/v2\/media?parent=188"}],"curies":[{"name":"wp","href":"https:\/\/api.w.org\/{rel}","templated":true}]}}