{"id":190,"date":"2022-02-03T15:28:39","date_gmt":"2022-02-03T19:28:39","guid":{"rendered":"https:\/\/racingautomatic.com\/newsite\/?page_id=190"},"modified":"2022-02-03T19:46:31","modified_gmt":"2022-02-03T23:46:31","slug":"la-negra","status":"publish","type":"page","link":"https:\/\/racingautomatic.com\/newsite\/la-negra\/","title":{"rendered":"La Negra"},"content":{"rendered":"\n<p>Aqu\u00ed estar\u00e1 la descripci\u00f3n del auto de nuestro cliente con su informaci\u00f3n y video.<\/p>\n","protected":false},"excerpt":{"rendered":"","protected":false},"author":1,"featured_media":90,"parent":0,"menu_order":0,"comment_status":"closed","ping_status":"closed","template":"","meta":{"footnotes":""},"class_list":["post-190","page","type-page","status-publish","has-post-thumbnail","hentry"],"aioseo_notices":[],"_links":{"self":[{"href":"https:\/\/racingautomatic.com\/newsite\/wp-json\/wp\/v2\/pages\/190","targetHints":{"allow":["GET"]}}],"collection":[{"href":"https:\/\/racingautomatic.com\/newsite\/wp-json\/wp\/v2\/pages"}],"about":[{"href":"https:\/\/racingautomatic.com\/newsite\/wp-json\/wp\/v2\/types\/page"}],"author":[{"embeddable":true,"href":"https:\/\/racingautomatic.com\/newsite\/wp-json\/wp\/v2\/users\/1"}],"replies":[{"embeddable":true,"href":"https:\/\/racingautomatic.com\/newsite\/wp-json\/wp\/v2\/comments?post=190"}],"version-history":[{"count":2,"href":"https:\/\/racingautomatic.com\/newsite\/wp-json\/wp\/v2\/pages\/190\/revisions"}],"predecessor-version":[{"id":233,"href":"https:\/\/racingautomatic.com\/newsite\/wp-json\/wp\/v2\/pages\/190\/revisions\/233"}],"wp:featuredmedia":[{"embeddable":true,"href":"https:\/\/racingautomatic.com\/newsite\/wp-json\/wp\/v2\/media\/90"}],"wp:attachment":[{"href":"https:\/\/racingautomatic.com\/newsite\/wp-json\/wp\/v2\/media?parent=190"}],"curies":[{"name":"wp","href":"https:\/\/api.w.org\/{rel}","templated":true}]}}