{"id":193,"date":"2022-02-03T15:29:42","date_gmt":"2022-02-03T19:29:42","guid":{"rendered":"https:\/\/racingautomatic.com\/newsite\/?page_id=193"},"modified":"2022-02-03T19:46:11","modified_gmt":"2022-02-03T23:46:11","slug":"la-yareily","status":"publish","type":"page","link":"https:\/\/racingautomatic.com\/newsite\/la-yareily\/","title":{"rendered":"La Yareily"},"content":{"rendered":"\n<p>Aqu\u00ed estar\u00e1 la descripci\u00f3n del auto de nuestro cliente con su informaci\u00f3n y video.<\/p>\n","protected":false},"excerpt":{"rendered":"","protected":false},"author":1,"featured_media":91,"parent":0,"menu_order":0,"comment_status":"closed","ping_status":"closed","template":"","meta":{"footnotes":""},"class_list":["post-193","page","type-page","status-publish","has-post-thumbnail","hentry"],"aioseo_notices":[],"_links":{"self":[{"href":"https:\/\/racingautomatic.com\/newsite\/wp-json\/wp\/v2\/pages\/193","targetHints":{"allow":["GET"]}}],"collection":[{"href":"https:\/\/racingautomatic.com\/newsite\/wp-json\/wp\/v2\/pages"}],"about":[{"href":"https:\/\/racingautomatic.com\/newsite\/wp-json\/wp\/v2\/types\/page"}],"author":[{"embeddable":true,"href":"https:\/\/racingautomatic.com\/newsite\/wp-json\/wp\/v2\/users\/1"}],"replies":[{"embeddable":true,"href":"https:\/\/racingautomatic.com\/newsite\/wp-json\/wp\/v2\/comments?post=193"}],"version-history":[{"count":2,"href":"https:\/\/racingautomatic.com\/newsite\/wp-json\/wp\/v2\/pages\/193\/revisions"}],"predecessor-version":[{"id":232,"href":"https:\/\/racingautomatic.com\/newsite\/wp-json\/wp\/v2\/pages\/193\/revisions\/232"}],"wp:featuredmedia":[{"embeddable":true,"href":"https:\/\/racingautomatic.com\/newsite\/wp-json\/wp\/v2\/media\/91"}],"wp:attachment":[{"href":"https:\/\/racingautomatic.com\/newsite\/wp-json\/wp\/v2\/media?parent=193"}],"curies":[{"name":"wp","href":"https:\/\/api.w.org\/{rel}","templated":true}]}}