{"id":211,"date":"2022-02-03T19:00:47","date_gmt":"2022-02-03T23:00:47","guid":{"rendered":"https:\/\/racingautomatic.com\/newsite\/?page_id=211"},"modified":"2022-02-05T07:53:34","modified_gmt":"2022-02-05T11:53:34","slug":"adapter-plate","status":"publish","type":"page","link":"https:\/\/racingautomatic.com\/newsite\/adapter-plate\/","title":{"rendered":"Adapter Plate"},"content":{"rendered":"<p>Nuestros <strong>&#8220;Custom Adapter Plate&#8221;<\/strong>&nbsp; est\u00e1n dise\u00f1ado bajo los mas estrictos par\u00e1metros de dise\u00f1o siempre buscando la perfecci\u00f3n de ellos. Tenemos los <strong>&#8220;Custom Adapter Plate&#8221;<\/strong>&nbsp; para aplicaciones tales como:<\/p>\n<ul>\n<li>3TC, 2RZ, 3RZ, 2JZ&nbsp;<\/li>\n<li>&nbsp;13B, 20B&nbsp;<\/li>\n<\/ul>\n<p>Si no ves lo que andas buscando, cont\u00e1ctenos al <a href=\"https:\/\/racingautomatic.com\/newsite\/contactenos\/\">Dale Click<\/a><\/p>\n\n\n<p><\/p>\n","protected":false},"excerpt":{"rendered":"<p>Nuestros &#8220;Custom Adapter Plate&#8221;&nbsp; est\u00e1n dise\u00f1ado bajo los mas estrictos par\u00e1metros de dise\u00f1o siempre buscando la perfecci\u00f3n de ellos. Tenemos los &#8220;Custom Adapter Plate&#8221;&nbsp; para aplicaciones tales como: 3TC, 2RZ, 3RZ, 2JZ&nbsp; &nbsp;13B, 20B&nbsp; Si no ves lo que andas<\/p>\n","protected":false},"author":1,"featured_media":218,"parent":0,"menu_order":0,"comment_status":"closed","ping_status":"closed","template":"","meta":{"footnotes":""},"class_list":["post-211","page","type-page","status-publish","has-post-thumbnail","hentry"],"aioseo_notices":[],"_links":{"self":[{"href":"https:\/\/racingautomatic.com\/newsite\/wp-json\/wp\/v2\/pages\/211","targetHints":{"allow":["GET"]}}],"collection":[{"href":"https:\/\/racingautomatic.com\/newsite\/wp-json\/wp\/v2\/pages"}],"about":[{"href":"https:\/\/racingautomatic.com\/newsite\/wp-json\/wp\/v2\/types\/page"}],"author":[{"embeddable":true,"href":"https:\/\/racingautomatic.com\/newsite\/wp-json\/wp\/v2\/users\/1"}],"replies":[{"embeddable":true,"href":"https:\/\/racingautomatic.com\/newsite\/wp-json\/wp\/v2\/comments?post=211"}],"version-history":[{"count":10,"href":"https:\/\/racingautomatic.com\/newsite\/wp-json\/wp\/v2\/pages\/211\/revisions"}],"predecessor-version":[{"id":267,"href":"https:\/\/racingautomatic.com\/newsite\/wp-json\/wp\/v2\/pages\/211\/revisions\/267"}],"wp:featuredmedia":[{"embeddable":true,"href":"https:\/\/racingautomatic.com\/newsite\/wp-json\/wp\/v2\/media\/218"}],"wp:attachment":[{"href":"https:\/\/racingautomatic.com\/newsite\/wp-json\/wp\/v2\/media?parent=211"}],"curies":[{"name":"wp","href":"https:\/\/api.w.org\/{rel}","templated":true}]}}