{"id":239,"date":"2022-02-03T19:50:19","date_gmt":"2022-02-03T23:50:19","guid":{"rendered":"https:\/\/racingautomatic.com\/newsite\/?page_id=239"},"modified":"2022-02-05T08:02:00","modified_gmt":"2022-02-05T12:02:00","slug":"flexi-plate","status":"publish","type":"page","link":"https:\/\/racingautomatic.com\/newsite\/flexi-plate\/","title":{"rendered":"Flexi Plate"},"content":{"rendered":"\n<p>Nuestros\u00a0<strong>\u201cAluminium Flexplate Plate\u201d<\/strong>\u00a0 est\u00e1n dise\u00f1ado bajo los mas estrictos par\u00e1metros de dise\u00f1o siempre buscando la perfecci\u00f3n de ellos. Tenemos los\u00a0<strong>\u201cAluminium Flexplate Plate\u201d<\/strong>\u00a0 para aplicaciones tales como:<\/p>\n\n\n\n<ul class=\"wp-block-list\"><li>3TC, 2RZ, 3RZ, 2JZ\u00a0, 3SGTE<\/li><li>\u00a013B, 20B\u00a0<\/li><\/ul>\n\n\n\n<p>Si no ves lo que andas buscando, cont\u00e1ctenos al&nbsp;<a href=\"https:\/\/racingautomatic.com\/newsite\/contactenos\/\">Dale Click<\/a><\/p>\n","protected":false},"excerpt":{"rendered":"<p>Nuestros\u00a0\u201cAluminium Flexplate Plate\u201d\u00a0 est\u00e1n dise\u00f1ado bajo los mas estrictos par\u00e1metros de dise\u00f1o siempre buscando la perfecci\u00f3n de ellos. Tenemos los\u00a0\u201cAluminium Flexplate Plate\u201d\u00a0 para aplicaciones tales como: 3TC, 2RZ, 3RZ, 2JZ\u00a0, 3SGTE \u00a013B, 20B\u00a0 Si no ves lo que andas buscando,<\/p>\n","protected":false},"author":1,"featured_media":249,"parent":0,"menu_order":0,"comment_status":"closed","ping_status":"closed","template":"","meta":{"footnotes":""},"class_list":["post-239","page","type-page","status-publish","has-post-thumbnail","hentry"],"aioseo_notices":[],"_links":{"self":[{"href":"https:\/\/racingautomatic.com\/newsite\/wp-json\/wp\/v2\/pages\/239","targetHints":{"allow":["GET"]}}],"collection":[{"href":"https:\/\/racingautomatic.com\/newsite\/wp-json\/wp\/v2\/pages"}],"about":[{"href":"https:\/\/racingautomatic.com\/newsite\/wp-json\/wp\/v2\/types\/page"}],"author":[{"embeddable":true,"href":"https:\/\/racingautomatic.com\/newsite\/wp-json\/wp\/v2\/users\/1"}],"replies":[{"embeddable":true,"href":"https:\/\/racingautomatic.com\/newsite\/wp-json\/wp\/v2\/comments?post=239"}],"version-history":[{"count":4,"href":"https:\/\/racingautomatic.com\/newsite\/wp-json\/wp\/v2\/pages\/239\/revisions"}],"predecessor-version":[{"id":269,"href":"https:\/\/racingautomatic.com\/newsite\/wp-json\/wp\/v2\/pages\/239\/revisions\/269"}],"wp:featuredmedia":[{"embeddable":true,"href":"https:\/\/racingautomatic.com\/newsite\/wp-json\/wp\/v2\/media\/249"}],"wp:attachment":[{"href":"https:\/\/racingautomatic.com\/newsite\/wp-json\/wp\/v2\/media?parent=239"}],"curies":[{"name":"wp","href":"https:\/\/api.w.org\/{rel}","templated":true}]}}