{"id":48,"date":"2022-01-30T17:29:46","date_gmt":"2022-01-30T21:29:46","guid":{"rendered":"https:\/\/racingautomatic.com\/newsite\/?page_id=48"},"modified":"2022-02-03T20:04:47","modified_gmt":"2022-02-04T00:04:47","slug":"nuestros-servicios","status":"publish","type":"page","link":"https:\/\/racingautomatic.com\/newsite\/nuestros-servicios\/","title":{"rendered":"Nuestros Servicios"},"content":{"rendered":"\n<p>Ofrecemos desde \u201c<a href=\"https:\/\/racingautomatic.com\/newsite\/adapter-plate\/\" title=\"Adapter Plates\">Adapter Plates<\/a>\u201d para conectar motores &#8220;Rotativos&#8221; o &#8220;Toyota&#8221; a una transmisi\u00f3n autom\u00e1ticas racing, hasta crear convertidores racing \u201c<a href=\"https:\/\/racingautomatic.com\/newsite\/convertidor-de-torque\/\" title=\"Torque Converter\">Torque Converter<\/a>\u201d y &#8220;<a href=\"https:\/\/racingautomatic.com\/newsite\/flexi-plate\/\" title=\"Flexi Plate\">Flexi Plate<\/a>&#8221; o volantas para cualquier configuraci\u00f3n para que se apliquen los \u201cHorsepower\u201d del motor a la transmisi\u00f3n y obtener el tiempo \u201cET\u201d deseado. La f\u00f3rmula matem\u00e1tica la conocemos y est\u00e1 lista para implementarla en su proyecto.<\/p>\n","protected":false},"excerpt":{"rendered":"<p>Productos hechos por especificaciones en nuestros taller especializado. <\/p>\n","protected":false},"author":1,"featured_media":166,"parent":0,"menu_order":0,"comment_status":"closed","ping_status":"closed","template":"","meta":{"footnotes":""},"class_list":["post-48","page","type-page","status-publish","has-post-thumbnail","hentry"],"aioseo_notices":[],"_links":{"self":[{"href":"https:\/\/racingautomatic.com\/newsite\/wp-json\/wp\/v2\/pages\/48","targetHints":{"allow":["GET"]}}],"collection":[{"href":"https:\/\/racingautomatic.com\/newsite\/wp-json\/wp\/v2\/pages"}],"about":[{"href":"https:\/\/racingautomatic.com\/newsite\/wp-json\/wp\/v2\/types\/page"}],"author":[{"embeddable":true,"href":"https:\/\/racingautomatic.com\/newsite\/wp-json\/wp\/v2\/users\/1"}],"replies":[{"embeddable":true,"href":"https:\/\/racingautomatic.com\/newsite\/wp-json\/wp\/v2\/comments?post=48"}],"version-history":[{"count":9,"href":"https:\/\/racingautomatic.com\/newsite\/wp-json\/wp\/v2\/pages\/48\/revisions"}],"predecessor-version":[{"id":245,"href":"https:\/\/racingautomatic.com\/newsite\/wp-json\/wp\/v2\/pages\/48\/revisions\/245"}],"wp:featuredmedia":[{"embeddable":true,"href":"https:\/\/racingautomatic.com\/newsite\/wp-json\/wp\/v2\/media\/166"}],"wp:attachment":[{"href":"https:\/\/racingautomatic.com\/newsite\/wp-json\/wp\/v2\/media?parent=48"}],"curies":[{"name":"wp","href":"https:\/\/api.w.org\/{rel}","templated":true}]}}