{"id":67,"date":"2022-01-30T18:07:05","date_gmt":"2022-01-30T22:07:05","guid":{"rendered":"https:\/\/racingautomatic.com\/newsite\/?page_id=67"},"modified":"2022-02-05T08:06:29","modified_gmt":"2022-02-05T12:06:29","slug":"galeria-de-clientes","status":"publish","type":"page","link":"https:\/\/racingautomatic.com\/newsite\/galeria-de-clientes\/","title":{"rendered":"Galer\u00eda de Clientes Racing"},"content":{"rendered":"<p>Esto es solo una muestra de nuestros clientes Racing&nbsp; que han confiado en nuestros productos y servicios, sus &#8221; R\u00e9cord Personal&#8221; confirma la excelencia&nbsp; de nuestro trabajo en cada uno de ellos. Aqu\u00ed nuestra mejor carta de presentaci\u00f3n.<\/p>\n<p><\/p>\n\n\n<div class=\"wp-block-envira-envira-gallery\"><div id=\"envira-gallery-wrap-84\" class=\"envira-gallery-wrap envira-gallery-theme-base envira-lightbox-theme-base\" itemscope itemtype=\"https:\/\/schema.org\/ImageGallery\"><div data-row-height=\"150\" data-gallery-theme=\"normal\" id=\"envira-gallery-84\" class=\"envira-gallery-public envira-gallery-justified-public envira-gallery-0-columns envira-clear enviratope envira-gallery-css-animations\" data-envira-columns=\"0\"><div id=\"envira-gallery-item-86\" class=\"envira-gallery-item enviratope-item envira-gallery-item-1 envira-lazy-load\" style=\"padding-left: 1px; padding-bottom: 1px; padding-right: 1px;\"  itemscope itemtype=\"https:\/\/schema.org\/ImageObject\"><div class=\"envira-gallery-item-inner\"><div class=\"envira-gallery-position-overlay  envira-gallery-top-left\"><\/div><div class=\"envira-gallery-position-overlay  envira-gallery-top-right\"><\/div><div class=\"envira-gallery-position-overlay  envira-gallery-bottom-left\"><\/div><div class=\"envira-gallery-position-overlay  envira-gallery-bottom-right\"><\/div><a href=\"https:\/\/racingautomatic.com\/newsite\/don-topo\/\" class=\"envira-gallery-84 envira-gallery-link\" rel=\"enviragallery84\" title=\"Don_Topo\" data-envira-caption=\"Don_Topo\" data-envira-retina=\"\" data-thumbnail=\"\"  itemprop=\"contentUrl\"><img decoding=\"async\" id=\"envira-gallery-image-86\" class=\"envira-gallery-image envira-gallery-image-1 envira-normal envira-lazy\" data-envira-index=\"1\" src=\"https:\/\/racingautomatic.com\/newsite\/wp-content\/uploads\/2022\/02\/Don_Topo.png\" data-envira-src=\"https:\/\/racingautomatic.com\/newsite\/wp-content\/uploads\/2022\/02\/Don_Topo.png\" data-envira-gallery-id=\"84\" data-envira-item-id=\"86\" data-envira-caption=\"Don_Topo\" alt=\"Twin Turbo V8 Pro Mod en 6 Segundos\" title=\"Don_Topo\"  itemprop=\"thumbnailUrl\" data-envira-srcset=\"https:\/\/racingautomatic.com\/newsite\/wp-content\/uploads\/2022\/02\/Don_Topo.png 400w,https:\/\/racingautomatic.com\/newsite\/wp-content\/uploads\/2022\/02\/Don_Topo.png 2x\" data-envira-width=\"300\" data-envira-height=\"157\" srcset=\"data:image\/gif;base64,R0lGODlhAQABAIAAAP\/\/\/\/\/\/\/yH5BAEKAAEALAAAAAABAAEAAAICTAEAOw==\" data-safe-src=\"data:image\/gif;base64,R0lGODlhAQABAIAAAP\/\/\/\/\/\/\/yH5BAEKAAEALAAAAAABAAEAAAICTAEAOw==\" \/><\/a><\/div><\/div><div id=\"envira-gallery-item-87\" class=\"envira-gallery-item enviratope-item envira-gallery-item-2 envira-lazy-load\" style=\"padding-left: 1px; padding-bottom: 1px; padding-right: 1px;\"  itemscope itemtype=\"https:\/\/schema.org\/ImageObject\"><div class=\"envira-gallery-item-inner\"><div class=\"envira-gallery-position-overlay  envira-gallery-top-left\"><\/div><div class=\"envira-gallery-position-overlay  envira-gallery-top-right\"><\/div><div class=\"envira-gallery-position-overlay  envira-gallery-bottom-left\"><\/div><div class=\"envira-gallery-position-overlay  envira-gallery-bottom-right\"><\/div><a href=\"https:\/\/racingautomatic.com\/newsite\/el-buda-racing\/\" class=\"envira-gallery-84 envira-gallery-link\" rel=\"enviragallery84\" title=\"El_Buda\" data-envira-caption=\"El_Buda\" data-envira-retina=\"\" data-thumbnail=\"\"  itemprop=\"contentUrl\"><img decoding=\"async\" id=\"envira-gallery-image-87\" class=\"envira-gallery-image envira-gallery-image-2 envira-normal envira-lazy\" data-envira-index=\"2\" src=\"https:\/\/racingautomatic.com\/newsite\/wp-content\/uploads\/2022\/02\/El_Buda.png\" data-envira-src=\"https:\/\/racingautomatic.com\/newsite\/wp-content\/uploads\/2022\/02\/El_Buda.png\" data-envira-gallery-id=\"84\" data-envira-item-id=\"87\" data-envira-caption=\"El_Buda\" alt=\"\" title=\"El_Buda\"  itemprop=\"thumbnailUrl\" data-envira-srcset=\"https:\/\/racingautomatic.com\/newsite\/wp-content\/uploads\/2022\/02\/El_Buda.png 400w,https:\/\/racingautomatic.com\/newsite\/wp-content\/uploads\/2022\/02\/El_Buda.png 2x\" data-envira-width=\"300\" data-envira-height=\"157\" srcset=\"data:image\/gif;base64,R0lGODlhAQABAIAAAP\/\/\/\/\/\/\/yH5BAEKAAEALAAAAAABAAEAAAICTAEAOw==\" data-safe-src=\"data:image\/gif;base64,R0lGODlhAQABAIAAAP\/\/\/\/\/\/\/yH5BAEKAAEALAAAAAABAAEAAAICTAEAOw==\" \/><\/a><\/div><\/div><div id=\"envira-gallery-item-88\" class=\"envira-gallery-item enviratope-item envira-gallery-item-3 envira-lazy-load\" style=\"padding-left: 1px; padding-bottom: 1px; padding-right: 1px;\"  itemscope itemtype=\"https:\/\/schema.org\/ImageObject\"><div class=\"envira-gallery-item-inner\"><div class=\"envira-gallery-position-overlay  envira-gallery-top-left\"><\/div><div class=\"envira-gallery-position-overlay  envira-gallery-top-right\"><\/div><div class=\"envira-gallery-position-overlay  envira-gallery-bottom-left\"><\/div><div class=\"envira-gallery-position-overlay  envira-gallery-bottom-right\"><\/div><a href=\"https:\/\/racingautomatic.com\/newsite\/el-hijo-iii\/\" class=\"envira-gallery-84 envira-gallery-link\" rel=\"enviragallery84\" title=\"El_Hijo_III\" data-envira-caption=\"El_Hijo_III\" data-envira-retina=\"\" data-thumbnail=\"\"  itemprop=\"contentUrl\"><img decoding=\"async\" id=\"envira-gallery-image-88\" class=\"envira-gallery-image envira-gallery-image-3 envira-normal envira-lazy\" data-envira-index=\"3\" src=\"https:\/\/racingautomatic.com\/newsite\/wp-content\/uploads\/2022\/02\/El_Hijo_III.png\" data-envira-src=\"https:\/\/racingautomatic.com\/newsite\/wp-content\/uploads\/2022\/02\/El_Hijo_III.png\" data-envira-gallery-id=\"84\" data-envira-item-id=\"88\" data-envira-caption=\"El_Hijo_III\" alt=\"\" title=\"El_Hijo_III\"  itemprop=\"thumbnailUrl\" data-envira-srcset=\"https:\/\/racingautomatic.com\/newsite\/wp-content\/uploads\/2022\/02\/El_Hijo_III.png 400w,https:\/\/racingautomatic.com\/newsite\/wp-content\/uploads\/2022\/02\/El_Hijo_III.png 2x\" data-envira-width=\"300\" data-envira-height=\"157\" srcset=\"data:image\/gif;base64,R0lGODlhAQABAIAAAP\/\/\/\/\/\/\/yH5BAEKAAEALAAAAAABAAEAAAICTAEAOw==\" data-safe-src=\"data:image\/gif;base64,R0lGODlhAQABAIAAAP\/\/\/\/\/\/\/yH5BAEKAAEALAAAAAABAAEAAAICTAEAOw==\" \/><\/a><\/div><\/div><div id=\"envira-gallery-item-89\" class=\"envira-gallery-item enviratope-item envira-gallery-item-4 envira-lazy-load\" style=\"padding-left: 1px; padding-bottom: 1px; padding-right: 1px;\"  itemscope itemtype=\"https:\/\/schema.org\/ImageObject\"><div class=\"envira-gallery-item-inner\"><div class=\"envira-gallery-position-overlay  envira-gallery-top-left\"><\/div><div class=\"envira-gallery-position-overlay  envira-gallery-top-right\"><\/div><div class=\"envira-gallery-position-overlay  envira-gallery-bottom-left\"><\/div><div class=\"envira-gallery-position-overlay  envira-gallery-bottom-right\"><\/div><a href=\"https:\/\/racingautomatic.com\/newsite\/la-karoll\/\" class=\"envira-gallery-84 envira-gallery-link\" rel=\"enviragallery84\" title=\"La_Karroll_13B\" data-envira-caption=\"La_Karroll_13B\" data-envira-retina=\"\" data-thumbnail=\"\"  itemprop=\"contentUrl\"><img decoding=\"async\" id=\"envira-gallery-image-89\" class=\"envira-gallery-image envira-gallery-image-4 envira-normal envira-lazy\" data-envira-index=\"4\" src=\"https:\/\/racingautomatic.com\/newsite\/wp-content\/uploads\/2022\/02\/La_Karroll_13B.png\" data-envira-src=\"https:\/\/racingautomatic.com\/newsite\/wp-content\/uploads\/2022\/02\/La_Karroll_13B.png\" data-envira-gallery-id=\"84\" data-envira-item-id=\"89\" data-envira-caption=\"La_Karroll_13B\" alt=\"\" title=\"La_Karroll_13B\"  itemprop=\"thumbnailUrl\" data-envira-srcset=\"https:\/\/racingautomatic.com\/newsite\/wp-content\/uploads\/2022\/02\/La_Karroll_13B.png 400w,https:\/\/racingautomatic.com\/newsite\/wp-content\/uploads\/2022\/02\/La_Karroll_13B.png 2x\" data-envira-width=\"300\" data-envira-height=\"157\" srcset=\"data:image\/gif;base64,R0lGODlhAQABAIAAAP\/\/\/\/\/\/\/yH5BAEKAAEALAAAAAABAAEAAAICTAEAOw==\" data-safe-src=\"data:image\/gif;base64,R0lGODlhAQABAIAAAP\/\/\/\/\/\/\/yH5BAEKAAEALAAAAAABAAEAAAICTAEAOw==\" \/><\/a><\/div><\/div><div id=\"envira-gallery-item-91\" class=\"envira-gallery-item enviratope-item envira-gallery-item-5 envira-lazy-load\" style=\"padding-left: 1px; padding-bottom: 1px; padding-right: 1px;\"  itemscope itemtype=\"https:\/\/schema.org\/ImageObject\"><div class=\"envira-gallery-item-inner\"><div class=\"envira-gallery-position-overlay  envira-gallery-top-left\"><\/div><div class=\"envira-gallery-position-overlay  envira-gallery-top-right\"><\/div><div class=\"envira-gallery-position-overlay  envira-gallery-bottom-left\"><\/div><div class=\"envira-gallery-position-overlay  envira-gallery-bottom-right\"><\/div><a href=\"https:\/\/racingautomatic.com\/newsite\/la-yareily\/\" class=\"envira-gallery-84 envira-gallery-link\" rel=\"enviragallery84\" title=\"La_Yareily_2jz\" data-envira-caption=\"La_Yareily_2jz\" data-envira-retina=\"\" data-thumbnail=\"\"  itemprop=\"contentUrl\"><img decoding=\"async\" id=\"envira-gallery-image-91\" class=\"envira-gallery-image envira-gallery-image-5 envira-normal envira-lazy\" data-envira-index=\"5\" src=\"https:\/\/racingautomatic.com\/newsite\/wp-content\/uploads\/2022\/02\/La_Yareily_2jz.png\" data-envira-src=\"https:\/\/racingautomatic.com\/newsite\/wp-content\/uploads\/2022\/02\/La_Yareily_2jz.png\" data-envira-gallery-id=\"84\" data-envira-item-id=\"91\" data-envira-caption=\"La_Yareily_2jz\" alt=\"\" title=\"La_Yareily_2jz\"  itemprop=\"thumbnailUrl\" data-envira-srcset=\"https:\/\/racingautomatic.com\/newsite\/wp-content\/uploads\/2022\/02\/La_Yareily_2jz.png 400w,https:\/\/racingautomatic.com\/newsite\/wp-content\/uploads\/2022\/02\/La_Yareily_2jz.png 2x\" data-envira-width=\"300\" data-envira-height=\"157\" srcset=\"data:image\/gif;base64,R0lGODlhAQABAIAAAP\/\/\/\/\/\/\/yH5BAEKAAEALAAAAAABAAEAAAICTAEAOw==\" data-safe-src=\"data:image\/gif;base64,R0lGODlhAQABAIAAAP\/\/\/\/\/\/\/yH5BAEKAAEALAAAAAABAAEAAAICTAEAOw==\" \/><\/a><\/div><\/div><div id=\"envira-gallery-item-90\" class=\"envira-gallery-item enviratope-item envira-gallery-item-6 envira-lazy-load\" style=\"padding-left: 1px; padding-bottom: 1px; padding-right: 1px;\"  itemscope itemtype=\"https:\/\/schema.org\/ImageObject\"><div class=\"envira-gallery-item-inner\"><div class=\"envira-gallery-position-overlay  envira-gallery-top-left\"><\/div><div class=\"envira-gallery-position-overlay  envira-gallery-top-right\"><\/div><div class=\"envira-gallery-position-overlay  envira-gallery-bottom-left\"><\/div><div class=\"envira-gallery-position-overlay  envira-gallery-bottom-right\"><\/div><a href=\"https:\/\/racingautomatic.com\/newsite\/la-negra\/\" class=\"envira-gallery-84 envira-gallery-link\" rel=\"enviragallery84\" title=\"La_Negra_2jz\" data-envira-caption=\"La_Negra_2jz\" data-envira-retina=\"\" data-thumbnail=\"\"  itemprop=\"contentUrl\"><img decoding=\"async\" id=\"envira-gallery-image-90\" class=\"envira-gallery-image envira-gallery-image-6 envira-normal envira-lazy\" data-envira-index=\"6\" src=\"https:\/\/racingautomatic.com\/newsite\/wp-content\/uploads\/2022\/02\/La_Negra_2jz.png\" data-envira-src=\"https:\/\/racingautomatic.com\/newsite\/wp-content\/uploads\/2022\/02\/La_Negra_2jz.png\" data-envira-gallery-id=\"84\" data-envira-item-id=\"90\" data-envira-caption=\"La_Negra_2jz\" alt=\"\" title=\"La_Negra_2jz\"  itemprop=\"thumbnailUrl\" data-envira-srcset=\"https:\/\/racingautomatic.com\/newsite\/wp-content\/uploads\/2022\/02\/La_Negra_2jz.png 400w,https:\/\/racingautomatic.com\/newsite\/wp-content\/uploads\/2022\/02\/La_Negra_2jz.png 2x\" data-envira-width=\"300\" data-envira-height=\"157\" srcset=\"data:image\/gif;base64,R0lGODlhAQABAIAAAP\/\/\/\/\/\/\/yH5BAEKAAEALAAAAAABAAEAAAICTAEAOw==\" data-safe-src=\"data:image\/gif;base64,R0lGODlhAQABAIAAAP\/\/\/\/\/\/\/yH5BAEKAAEALAAAAAABAAEAAAICTAEAOw==\" \/><\/a><\/div><\/div><div id=\"envira-gallery-item-85\" class=\"envira-gallery-item enviratope-item envira-gallery-item-7 envira-lazy-load\" style=\"padding-left: 1px; padding-bottom: 1px; padding-right: 1px;\"  itemscope itemtype=\"https:\/\/schema.org\/ImageObject\"><div class=\"envira-gallery-item-inner\"><div class=\"envira-gallery-position-overlay  envira-gallery-top-left\"><\/div><div class=\"envira-gallery-position-overlay  envira-gallery-top-right\"><\/div><div class=\"envira-gallery-position-overlay  envira-gallery-bottom-left\"><\/div><div class=\"envira-gallery-position-overlay  envira-gallery-bottom-right\"><\/div><a href=\"https:\/\/racingautomatic.com\/newsite\/don-tono\/\" class=\"envira-gallery-84 envira-gallery-link\" rel=\"enviragallery84\" title=\"Don_Tono\" data-envira-caption=\"Don_Tono\" data-envira-retina=\"\" data-thumbnail=\"\"  itemprop=\"contentUrl\"><img decoding=\"async\" id=\"envira-gallery-image-85\" class=\"envira-gallery-image envira-gallery-image-7 envira-normal envira-lazy\" data-envira-index=\"7\" src=\"https:\/\/racingautomatic.com\/newsite\/wp-content\/uploads\/2022\/02\/Don_Tono.png\" data-envira-src=\"https:\/\/racingautomatic.com\/newsite\/wp-content\/uploads\/2022\/02\/Don_Tono.png\" data-envira-gallery-id=\"84\" data-envira-item-id=\"85\" data-envira-caption=\"Don_Tono\" alt=\"\" title=\"Don_Tono\"  itemprop=\"thumbnailUrl\" data-envira-srcset=\"https:\/\/racingautomatic.com\/newsite\/wp-content\/uploads\/2022\/02\/Don_Tono.png 400w,https:\/\/racingautomatic.com\/newsite\/wp-content\/uploads\/2022\/02\/Don_Tono.png 2x\" data-envira-width=\"300\" data-envira-height=\"157\" srcset=\"data:image\/gif;base64,R0lGODlhAQABAIAAAP\/\/\/\/\/\/\/yH5BAEKAAEALAAAAAABAAEAAAICTAEAOw==\" data-safe-src=\"data:image\/gif;base64,R0lGODlhAQABAIAAAP\/\/\/\/\/\/\/yH5BAEKAAEALAAAAAABAAEAAAICTAEAOw==\" \/><\/a><\/div><\/div><div id=\"envira-gallery-item-92\" class=\"envira-gallery-item enviratope-item envira-gallery-item-8 envira-lazy-load\" style=\"padding-left: 1px; padding-bottom: 1px; padding-right: 1px;\"  itemscope itemtype=\"https:\/\/schema.org\/ImageObject\"><div class=\"envira-gallery-item-inner\"><div class=\"envira-gallery-position-overlay  envira-gallery-top-left\"><\/div><div class=\"envira-gallery-position-overlay  envira-gallery-top-right\"><\/div><div class=\"envira-gallery-position-overlay  envira-gallery-bottom-left\"><\/div><div class=\"envira-gallery-position-overlay  envira-gallery-bottom-right\"><\/div><a href=\"https:\/\/racingautomatic.com\/newsite\/marshal-racing\/\" class=\"envira-gallery-84 envira-gallery-link\" rel=\"enviragallery84\" title=\"Marshal_Racing\" data-envira-caption=\"Marshal_Racing\" data-envira-retina=\"\" data-thumbnail=\"\"  itemprop=\"contentUrl\"><img decoding=\"async\" id=\"envira-gallery-image-92\" class=\"envira-gallery-image envira-gallery-image-8 envira-normal envira-lazy\" data-envira-index=\"8\" src=\"https:\/\/racingautomatic.com\/newsite\/wp-content\/uploads\/2022\/02\/Marshal_Racing.png\" data-envira-src=\"https:\/\/racingautomatic.com\/newsite\/wp-content\/uploads\/2022\/02\/Marshal_Racing.png\" data-envira-gallery-id=\"84\" data-envira-item-id=\"92\" data-envira-caption=\"Marshal_Racing\" alt=\"\" title=\"Marshal_Racing\"  itemprop=\"thumbnailUrl\" data-envira-srcset=\"https:\/\/racingautomatic.com\/newsite\/wp-content\/uploads\/2022\/02\/Marshal_Racing.png 400w,https:\/\/racingautomatic.com\/newsite\/wp-content\/uploads\/2022\/02\/Marshal_Racing.png 2x\" data-envira-width=\"300\" data-envira-height=\"157\" srcset=\"data:image\/gif;base64,R0lGODlhAQABAIAAAP\/\/\/\/\/\/\/yH5BAEKAAEALAAAAAABAAEAAAICTAEAOw==\" data-safe-src=\"data:image\/gif;base64,R0lGODlhAQABAIAAAP\/\/\/\/\/\/\/yH5BAEKAAEALAAAAAABAAEAAAICTAEAOw==\" \/><\/a><\/div><\/div><\/div><\/div><noscript><img decoding=\"async\" src=\"https:\/\/racingautomatic.com\/newsite\/wp-content\/uploads\/2022\/02\/Don_Topo.png\" alt=\"Twin Turbo V8 Pro Mod en 6 Segundos\" \/><img decoding=\"async\" src=\"https:\/\/racingautomatic.com\/newsite\/wp-content\/uploads\/2022\/02\/El_Buda.png\" alt=\"\" \/><img decoding=\"async\" src=\"https:\/\/racingautomatic.com\/newsite\/wp-content\/uploads\/2022\/02\/El_Hijo_III.png\" alt=\"\" \/><img decoding=\"async\" src=\"https:\/\/racingautomatic.com\/newsite\/wp-content\/uploads\/2022\/02\/La_Karroll_13B.png\" alt=\"\" \/><img decoding=\"async\" src=\"https:\/\/racingautomatic.com\/newsite\/wp-content\/uploads\/2022\/02\/La_Yareily_2jz.png\" alt=\"\" \/><img decoding=\"async\" src=\"https:\/\/racingautomatic.com\/newsite\/wp-content\/uploads\/2022\/02\/La_Negra_2jz.png\" alt=\"\" \/><img decoding=\"async\" src=\"https:\/\/racingautomatic.com\/newsite\/wp-content\/uploads\/2022\/02\/Don_Tono.png\" alt=\"\" \/><img decoding=\"async\" src=\"https:\/\/racingautomatic.com\/newsite\/wp-content\/uploads\/2022\/02\/Marshal_Racing.png\" alt=\"\" \/><\/noscript><\/div>\n\n\n\n<p><strong>NOTA: <\/strong>Mas fotos de clientes se estar\u00e1n adicion\u00e1ndose para no dejar a nadie afuera. Tu cliente que no encuentras tu auto aqu\u00ed, env\u00edanos la foto con los SPECS y gustosamente lo incluimos<\/p>\n","protected":false},"excerpt":{"rendered":"<p>Esto es solo una muestra de nuestros clientes Racing&nbsp; que han confiado en nuestros productos y servicios, sus &#8221; R\u00e9cord Personal&#8221; confirma la excelencia&nbsp; de nuestro trabajo en cada uno de ellos. Aqu\u00ed nuestra mejor carta de presentaci\u00f3n. NOTA: Mas<\/p>\n","protected":false},"author":1,"featured_media":0,"parent":0,"menu_order":0,"comment_status":"closed","ping_status":"closed","template":"","meta":{"footnotes":""},"class_list":["post-67","page","type-page","status-publish","hentry"],"aioseo_notices":[],"_links":{"self":[{"href":"https:\/\/racingautomatic.com\/newsite\/wp-json\/wp\/v2\/pages\/67","targetHints":{"allow":["GET"]}}],"collection":[{"href":"https:\/\/racingautomatic.com\/newsite\/wp-json\/wp\/v2\/pages"}],"about":[{"href":"https:\/\/racingautomatic.com\/newsite\/wp-json\/wp\/v2\/types\/page"}],"author":[{"embeddable":true,"href":"https:\/\/racingautomatic.com\/newsite\/wp-json\/wp\/v2\/users\/1"}],"replies":[{"embeddable":true,"href":"https:\/\/racingautomatic.com\/newsite\/wp-json\/wp\/v2\/comments?post=67"}],"version-history":[{"count":7,"href":"https:\/\/racingautomatic.com\/newsite\/wp-json\/wp\/v2\/pages\/67\/revisions"}],"predecessor-version":[{"id":270,"href":"https:\/\/racingautomatic.com\/newsite\/wp-json\/wp\/v2\/pages\/67\/revisions\/270"}],"wp:attachment":[{"href":"https:\/\/racingautomatic.com\/newsite\/wp-json\/wp\/v2\/media?parent=67"}],"curies":[{"name":"wp","href":"https:\/\/api.w.org\/{rel}","templated":true}]}}